{"id":6911,"date":"2021-04-27T14:28:43","date_gmt":"2021-04-27T12:28:43","guid":{"rendered":"https:\/\/www.stainless-fruechtl.de\/legal-notices\/"},"modified":"2025-02-26T16:05:50","modified_gmt":"2025-02-26T15:05:50","slug":"legal-notices","status":"publish","type":"page","link":"https:\/\/www.stainless-fruechtl.de\/es\/legal-notices\/","title":{"rendered":"Legal notices"},"content":{"rendered":"<p><strong>Informaci\u00f3n seg\u00fan \u00a7 5 TMG:<\/strong><\/p>\n<p><strong>STAINLESS FR\u00dcCHTL GmbH<\/strong><br \/>\nZeppelinstra\u00dfe 120<br \/>\n73730 Esslingen<\/p>\n<p><strong>Representante:<\/strong><br \/>\nSr. Wolfgang Sachsenmaier<br \/>\nSr. Eric Duval<\/p>\n<p><strong>Contacto:<\/strong><br \/>\nTel\u00e9fono: +49 (0) 711 93 18 81 0<br \/>\nFax: +49 (0) 711 318 01 15<br \/>\nE-mail:<a href=\"mailto:info@stainless-fruechtl.de\"> info@stainless-fruechtl.de<\/a><\/p>\n<p><strong>Inscripci\u00f3n en el registro:<\/strong><br \/>\n<strong>Inscripci\u00f3n en el Registro Mercantil<\/strong><br \/>\nJuzgado de registro: Juzgado local de Stuttgart<br \/>\nN\u00famero de registro: HRB 75 69 30<\/p>\n<p><strong>N\u00famero de identificaci\u00f3n fiscal:<\/strong><br \/>\nN\u00famero de identificaci\u00f3n fiscal seg\u00fan \u00a727 a Umsatzsteuergesetz:<br \/>\nDE306287629<\/p>\n<p><strong>Autoridad de control:<\/strong><br \/>\nOficina del distrito de Esslingen<br \/>\nT\u00edtulo del puesto: Comercio al por mayor Comercio<br \/>\nC\u00e1mara responsable: IHK Esslingen<\/p>\n<p>Datos del seguro de responsabilidad civil:<br \/>\nNombre y domicilio social de la empresa:<br \/>\nSV Sparkassenversicherung, Stuttgart<br \/>\n(cobertura mundial, sin limitaci\u00f3n regional)<\/p>\n<p>Supervisi\u00f3n por:<br \/>\nAssekuranzmakler Rosenburg GmbH<br \/>\nSede central Rastatt<br \/>\nNiederwaldstr. 23\/1<br \/>\n76437 Rastatt<br \/>\n<a href=\"http:\/\/www.assekuranz-rosenburg.de\">www.assekuranz-rosenburg.de<\/a><\/p>\n<p><strong>Exenci\u00f3n de responsabilidad<\/strong><br \/>\n<strong>Responsabilidad por los contenidos<\/strong><br \/>\nComo proveedores de servicios, somos responsables de nuestros propios contenidos en estas p\u00e1ginas de conformidad con el \u00a7 7, p\u00e1rrafo 1 de la Ley alemana de medios de comunicaci\u00f3n (TMG). Sin embargo, de conformidad con los \u00a7\u00a7 8 a 10 de la TMG, como proveedores de servicios no estamos obligados a supervisar la informaci\u00f3n de terceros transmitida o almacenada ni a investigar las circunstancias que indiquen una actividad ilegal. Esto no afecta a las obligaciones de eliminar o bloquear el uso de la informaci\u00f3n de conformidad con las leyes generales. Sin embargo, la responsabilidad a este respecto solo es posible a partir del momento en que se tenga conocimiento de una infracci\u00f3n concreta de la ley. Si tenemos conocimiento de alguna infracci\u00f3n de la ley, eliminaremos el contenido correspondiente de inmediato.<\/p>\n<p><strong>Responsabilidad por enlaces<\/strong><br \/>\nNuestra p\u00e1gina web contiene enlaces a p\u00e1ginas web externas de terceros sobre cuyo contenido no tenemos influencia. Por lo tanto, no podemos asumir ninguna responsabilidad por estos contenidos externos. El proveedor u operador de las p\u00e1ginas enlazadas siempre es responsable del contenido de las p\u00e1ginas enlazadas. Las p\u00e1ginas enlazadas fueron comprobadas en cuanto a posibles infracciones legales en el momento de la vinculaci\u00f3n. No se detectaron contenidos ilegales en el momento de la vinculaci\u00f3n. Sin embargo, no es razonable un control permanente del contenido de las p\u00e1ginas enlazadas sin indicios concretos de una infracci\u00f3n legal. Si tenemos conocimiento de alguna infracci\u00f3n de la ley, eliminaremos dichos enlaces de inmediato.<\/p>\n<p><strong>Derechos de autor<\/strong><br \/>\nLos contenidos y las obras de estas p\u00e1ginas creadas por los operadores de la p\u00e1gina est\u00e1n sujetos a la ley alemana de derechos de autor. La reproducci\u00f3n, el procesamiento, la distribuci\u00f3n y cualquier tipo de explotaci\u00f3n fuera de los l\u00edmites de los derechos de autor requieren el consentimiento por escrito del respectivo autor o creador. Las descargas y copias de este sitio web solo est\u00e1n permitidas para uso privado y no comercial. En la medida en que el contenido de este sitio web no haya sido creado por el operador, se respetar\u00e1n los derechos de autor de terceros. En particular, los contenidos de terceros est\u00e1n marcados como tales. Si, no obstante, usted tiene conocimiento de una infracci\u00f3n de los derechos de autor, le rogamos que nos lo comunique. En el caso de que tengamos conocimiento de alguna infracci\u00f3n, eliminaremos dicho contenido inmediatamente.<\/p>\n","protected":false},"excerpt":{"rendered":"<p>Informaci\u00f3n seg\u00fan \u00a7 5 TMG: STAINLESS FR\u00dcCHTL GmbH Zeppelinstra\u00dfe 120 73730 Esslingen Representante: Sr. Wolfgang Sachsenmaier Sr. Eric Duval Contacto: Tel\u00e9fono: +49 (0) 711 93 18 81 0 Fax: +49 (0) 711 318 01 15 E-mail: info@stainless-fruechtl.de Inscripci\u00f3n en el registro: Inscripci\u00f3n en el Registro Mercantil Juzgado de registro: Juzgado local de Stuttgart N\u00famero de [&hellip;]<\/p>\n","protected":false},"author":1,"featured_media":0,"parent":0,"menu_order":78,"comment_status":"closed","ping_status":"closed","template":"page-templates\/page-full-width.php","meta":{"_acf_changed":false,"footnotes":""},"class_list":["post-6911","page","type-page","status-publish","hentry"],"acf":[],"_links":{"self":[{"href":"https:\/\/www.stainless-fruechtl.de\/es\/wp-json\/wp\/v2\/pages\/6911","targetHints":{"allow":["GET"]}}],"collection":[{"href":"https:\/\/www.stainless-fruechtl.de\/es\/wp-json\/wp\/v2\/pages"}],"about":[{"href":"https:\/\/www.stainless-fruechtl.de\/es\/wp-json\/wp\/v2\/types\/page"}],"author":[{"embeddable":true,"href":"https:\/\/www.stainless-fruechtl.de\/es\/wp-json\/wp\/v2\/users\/1"}],"replies":[{"embeddable":true,"href":"https:\/\/www.stainless-fruechtl.de\/es\/wp-json\/wp\/v2\/comments?post=6911"}],"version-history":[{"count":0,"href":"https:\/\/www.stainless-fruechtl.de\/es\/wp-json\/wp\/v2\/pages\/6911\/revisions"}],"wp:attachment":[{"href":"https:\/\/www.stainless-fruechtl.de\/es\/wp-json\/wp\/v2\/media?parent=6911"}],"curies":[{"name":"wp","href":"https:\/\/api.w.org\/{rel}","templated":true}]}}