{"id":5559,"date":"2021-04-27T14:28:43","date_gmt":"2021-04-27T12:28:43","guid":{"rendered":"https:\/\/www.stainless-fruechtl.de\/impressum\/"},"modified":"2025-02-26T16:05:50","modified_gmt":"2025-02-26T15:05:50","slug":"mentions-legales","status":"publish","type":"page","link":"https:\/\/www.stainless-fruechtl.de\/fr\/mentions-legales\/","title":{"rendered":"Mentions l\u00e9gales"},"content":{"rendered":"<p>&nbsp;<\/p>\n<p><strong>Informations selon \u00a7 5 TMG :<\/strong><\/p>\n<p><strong>STAINLESS FR\u00dcCHTL GmbH<\/strong><br \/>\nZeppelinsta\u00dfe 120<br \/>\n73730 Esslingen<\/p>\n<p><strong>Repr\u00e9sent\u00e9 par :<\/strong><br \/>\nM. Wolfgang Sachsenmaier<br \/>\nM. Eric Duval<\/p>\n<p><strong>Contact :<\/strong><br \/>\nT\u00e9l\u00e9phone : +49 (0) 711 93 18 81 0<br \/>\nT\u00e9l\u00e9copie : +49 (0) 711 318 01 15<br \/>\nE-Mail: <a href=\"mailto:info@stainless-fruechtl.de\">info@stainless-fruechtl.de<\/a><\/p>\n<p><strong>Inscription au registre :<\/strong><br \/>\n<strong>Inscription au registre du commerce<\/strong><br \/>\nTribunal d&rsquo;enregistrement : Tribunal d&rsquo;instance de Stuttgart<br \/>\nNum\u00e9ro d&rsquo;enregistrement : HRB 75 69 30<\/p>\n<p><strong>Num\u00e9ro d&rsquo;identification de la taxe sur le chiffre d&rsquo;affaires :<\/strong><br \/>\nNum\u00e9ro d&rsquo;identification de la taxe sur le chiffre d&rsquo;affaires conform\u00e9ment au \u00a727 a de la loi sur la taxe sur le chiffre d&rsquo;affaires :<br \/>\nDE306287629<\/p>\n<p><strong>Autorit\u00e9 de surveillance :<\/strong><br \/>\nOffice du district d&rsquo;Esslingen<br \/>\nTitre professionnel : Commerce de gros<br \/>\nChambre comp\u00e9tente : IHK Esslingen<\/p>\n<p><strong>Informations sur l&rsquo;assurance responsabilit\u00e9 civile de l&rsquo;entreprise :<\/strong><br \/>\n<strong>Nom et si\u00e8ge de la soci\u00e9t\u00e9 :<\/strong><br \/>\n<strong>SV Sparkassenversicherung, Stuttgart<\/strong><br \/>\n(Couverture mondiale, pas de limitation r\u00e9gionale)<\/p>\n<p><strong>Suivi par :<\/strong><br \/>\nAssekuranzmakler Rosenburg GmbH<br \/>\nAdministration centrale de Rastatt<br \/>\nNiederwaldstr. 23\/1<br \/>\n76437 Rastatt<br \/>\nwww.assekuranz-rosenburg.de<\/p>\n<p><strong>Clause de non-responsabilit\u00e9 (Disclaimer)<\/strong><br \/>\n<strong>Responsabilit\u00e9 pour les contenus<\/strong><br \/>\nEn tant que prestataire de services, nous sommes responsables, conform\u00e9ment au \u00a7 7 alin\u00e9a 1 de la loi allemande sur les t\u00e9l\u00e9m\u00e9dias (TMG), de nos propres contenus sur ces pages selon les lois g\u00e9n\u00e9rales. Selon les \u00a7\u00a7 8 \u00e0 10 de la TMG, nous ne sommes toutefois pas tenus, en tant que prestataire de services, de surveiller les informations externes transmises ou enregistr\u00e9es ou de rechercher les circonstances qui indiquent une activit\u00e9 ill\u00e9gale. Les obligations de supprimer ou de bloquer l&rsquo;utilisation d&rsquo;informations conform\u00e9ment aux lois g\u00e9n\u00e9rales ne sont pas affect\u00e9es par cette disposition. Une responsabilit\u00e9 \u00e0 cet \u00e9gard n&rsquo;est toutefois possible qu&rsquo;\u00e0 partir du moment o\u00f9 une violation concr\u00e8te de la loi est connue. D\u00e8s la prise de connaissance d&rsquo;une telle violation, nous supprimerons imm\u00e9diatement les contenus concern\u00e9s.<\/p>\n<p><strong>Responsabilit\u00e9 pour les liens<\/strong><br \/>\nNotre offre contient des liens vers des sites web externes de tiers, sur lesquels nous n&rsquo;avons aucune influence. C&rsquo;est pourquoi nous ne pouvons pas non plus nous porter garants de ces contenus externes. Le fournisseur ou l&rsquo;exploitant des pages li\u00e9es est toujours responsable de leur contenu. Les pages li\u00e9es ont \u00e9t\u00e9 contr\u00f4l\u00e9es au moment de la cr\u00e9ation du lien afin de v\u00e9rifier qu&rsquo;elles ne pr\u00e9sentaient pas d&rsquo;infraction \u00e0 la loi. Aucun contenu ill\u00e9gal n&rsquo;a \u00e9t\u00e9 identifi\u00e9 au moment de la cr\u00e9ation du lien. Un contr\u00f4le permanent du contenu des pages li\u00e9es n&rsquo;est cependant pas exigible sans indices concrets d&rsquo;une violation de la loi. D\u00e8s que nous aurons connaissance d&rsquo;une violation de la loi, nous supprimerons imm\u00e9diatement les liens concern\u00e9s.<\/p>\n<p><strong>Droit d&rsquo;auteur<\/strong><br \/>\nLes contenus et les \u0153uvres cr\u00e9\u00e9s par les exploitants de ces pages sont soumis au droit d&rsquo;auteur allemand. La reproduction, le traitement, la diffusion et toute forme d&rsquo;exploitation en dehors des limites du droit d&rsquo;auteur requi\u00e8rent l&rsquo;accord \u00e9crit de l&rsquo;auteur ou du cr\u00e9ateur concern\u00e9. Les t\u00e9l\u00e9chargements et les copies de ce site ne sont autoris\u00e9s que pour un usage priv\u00e9 et non commercial. Dans la mesure o\u00f9 les contenus de ce site n&rsquo;ont pas \u00e9t\u00e9 cr\u00e9\u00e9s par l&rsquo;exploitant, les droits d&rsquo;auteur de tiers sont respect\u00e9s. Les contenus de tiers sont notamment identifi\u00e9s comme tels. Si vous deviez n\u00e9anmoins constater une violation des droits d&rsquo;auteur, nous vous prions de nous en informer. D\u00e8s la prise de connaissance d&rsquo;une violation de la loi, nous supprimerons imm\u00e9diatement les contenus concern\u00e9s.<\/p>\n<p>&nbsp;<\/p>\n","protected":false},"excerpt":{"rendered":"<p>&nbsp; Informations selon \u00a7 5 TMG : STAINLESS FR\u00dcCHTL GmbH Zeppelinsta\u00dfe 120 73730 Esslingen Repr\u00e9sent\u00e9 par : M. Wolfgang Sachsenmaier M. Eric Duval Contact : T\u00e9l\u00e9phone : +49 (0) 711 93 18 81 0 T\u00e9l\u00e9copie : +49 (0) 711 318 01 15 E-Mail: info@stainless-fruechtl.de Inscription au registre : Inscription au registre du commerce Tribunal d&rsquo;enregistrement [&hellip;]<\/p>\n","protected":false},"author":1,"featured_media":0,"parent":0,"menu_order":78,"comment_status":"closed","ping_status":"closed","template":"page-templates\/page-full-width.php","meta":{"_acf_changed":false,"footnotes":""},"class_list":["post-5559","page","type-page","status-publish","hentry"],"acf":[],"_links":{"self":[{"href":"https:\/\/www.stainless-fruechtl.de\/fr\/wp-json\/wp\/v2\/pages\/5559","targetHints":{"allow":["GET"]}}],"collection":[{"href":"https:\/\/www.stainless-fruechtl.de\/fr\/wp-json\/wp\/v2\/pages"}],"about":[{"href":"https:\/\/www.stainless-fruechtl.de\/fr\/wp-json\/wp\/v2\/types\/page"}],"author":[{"embeddable":true,"href":"https:\/\/www.stainless-fruechtl.de\/fr\/wp-json\/wp\/v2\/users\/1"}],"replies":[{"embeddable":true,"href":"https:\/\/www.stainless-fruechtl.de\/fr\/wp-json\/wp\/v2\/comments?post=5559"}],"version-history":[{"count":0,"href":"https:\/\/www.stainless-fruechtl.de\/fr\/wp-json\/wp\/v2\/pages\/5559\/revisions"}],"wp:attachment":[{"href":"https:\/\/www.stainless-fruechtl.de\/fr\/wp-json\/wp\/v2\/media?parent=5559"}],"curies":[{"name":"wp","href":"https:\/\/api.w.org\/{rel}","templated":true}]}}