{"id":6910,"date":"2021-04-27T14:28:43","date_gmt":"2021-04-27T12:28:43","guid":{"rendered":"https:\/\/www.stainless-fruechtl.de\/legal-notices\/"},"modified":"2025-02-26T16:05:51","modified_gmt":"2025-02-26T15:05:51","slug":"note-legali","status":"publish","type":"page","link":"https:\/\/www.stainless-fruechtl.de\/it\/note-legali\/","title":{"rendered":"Note legali"},"content":{"rendered":"<p><strong>STAINLESS FR\u00dcCHTL GmbH<\/strong><br \/>\nZeppelin Street 120<br \/>\n73730 Esslingen<\/p>\n<p><strong>Rappresentato da:<\/strong><br \/>\nSig. Wolfgang Sachsenmaier<br \/>\nSig. Eric Duval<\/p>\n<p><strong>Contatto:<\/strong><br \/>\nTelefono: +49 (0) 711 93 18 81 0<br \/>\nFax: +49 (0) 711 318 01 15<br \/>\nE-mail: <a href=\"mailto:info@stainless-fruechtl.de\">info@stainless-fruechtl.de<\/a><\/p>\n<p><strong>Registro:<\/strong><br \/>\n<strong>Registro nel registro delle imprese<\/strong><br \/>\nTribunale del registro: Tribunale locale di Stoccarda<br \/>\nNumero di registrazione: HRB 75 69 30<\/p>\n<p><strong>ID IVA:<\/strong><br \/>\nNumero di identificazione IVA ai sensi del \u00a727 a Umsatzsteuergesetz:<br \/>\nDE306287629<\/p>\n<p><strong>Autorit\u00e0 di vigilanza:<\/strong><br \/>\nDistrict Office Esslingen<br \/>\nTitolo di lavoro: Commercio all&#8217;ingrosso<br \/>\nResponsabile camera: IHK Esslingen<\/p>\n<p><strong>Dettagli dell&#8217;assicurazione di responsabilit\u00e0 civile:<\/strong><br \/>\nNome e sede legale della societ\u00e0:<br \/>\nSV Sparkassenversicherung, Stoccarda<br \/>\n(copertura mondiale, nessuna limitazione regionale)<\/p>\n<p><strong>Supervisione di:<\/strong><br \/>\nAssekuranzmakler Rosenburg GmbH<br \/>\nSede centrale Rastatt<br \/>\nNiederwaldstr. 23\/1<br \/>\n76437 Rastatt<br \/>\n<a href=\"http:\/\/www.assekuranz-rosenburg.de\">www.assekuranz-rosenburg.de<\/a><\/p>\n<p><strong>Esclusione di responsabilit\u00e0<\/strong><br \/>\n<strong>Responsabilit\u00e0 per i contenuti<\/strong><br \/>\nCome fornitore di servizi, siamo responsabili dei nostri contenuti su queste pagine in conformit\u00e0 con \u00a7 7 comma 1 della legge tedesca sui telemedia (TMG). Tuttavia, in conformit\u00e0 con \u00a7\u00a7 8 a 10 TMG, non siamo obbligati come fornitore di servizi a monitorare le informazioni di terze parti trasmesse o archiviate o a indagare su circostanze che indicano attivit\u00e0 illegali. Gli obblighi di rimuovere o bloccare l&#8217;uso delle informazioni in conformit\u00e0 con le leggi generali rimangono inalterati. Tuttavia, la responsabilit\u00e0 in questo senso \u00e8 possibile solo a partire dal momento in cui si viene a conoscenza di una concreta violazione della legge. Se veniamo a conoscenza di tali violazioni, rimuoveremo immediatamente i contenuti rilevanti.<\/p>\n<p><strong>Responsabilit\u00e0 per i link<\/strong><br \/>\nIl nostro sito web contiene link a siti web esterni di terze parti sui cui contenuti non abbiamo alcuna influenza. Pertanto, non possiamo assumerci alcuna responsabilit\u00e0 per questi contenuti esterni. Il rispettivo fornitore o gestore delle pagine \u00e8 sempre responsabile del contenuto delle pagine collegate. Le pagine collegate sono state controllate per possibili violazioni legali al momento del collegamento. I contenuti illegali non erano riconoscibili al momento del collegamento. Tuttavia, un monitoraggio permanente del contenuto delle pagine collegate non \u00e8 ragionevole senza indicazioni concrete di una violazione legale. Se veniamo a conoscenza di eventuali violazioni della legge, rimuoveremo immediatamente tali link.<\/p>\n<p><strong>Copyright<\/strong><br \/>\nI contenuti e le opere su queste pagine create dai gestori del sito sono soggetti alla legge tedesca sul copyright. La duplicazione, l&#8217;elaborazione, la distribuzione e qualsiasi tipo di sfruttamento al di fuori dei limiti del copyright richiedono il consenso scritto del rispettivo autore o creatore. I download e le copie di questo sito sono consentiti solo per uso privato e non commerciale. Nella misura in cui il contenuto di questo sito non \u00e8 stato creato dall&#8217;operatore, i diritti d&#8217;autore di terze parti sono rispettati. In particolare, i contenuti di terze parti sono contrassegnati come tali. Se dovessi comunque venire a conoscenza di una violazione del copyright, ti preghiamo di informarci di conseguenza. Se veniamo a conoscenza di eventuali violazioni, rimuoveremo immediatamente tali contenuti.<\/p>\n","protected":false},"excerpt":{"rendered":"<p>STAINLESS FR\u00dcCHTL GmbH Zeppelin Street 120 73730 Esslingen Rappresentato da: Sig. Wolfgang Sachsenmaier Sig. Eric Duval Contatto: Telefono: +49 (0) 711 93 18 81 0 Fax: +49 (0) 711 318 01 15 E-mail: info@stainless-fruechtl.de Registro: Registro nel registro delle imprese Tribunale del registro: Tribunale locale di Stoccarda Numero di registrazione: HRB 75 69 30 ID [&hellip;]<\/p>\n","protected":false},"author":1,"featured_media":0,"parent":0,"menu_order":78,"comment_status":"closed","ping_status":"closed","template":"page-templates\/page-full-width.php","meta":{"_acf_changed":false,"footnotes":""},"class_list":["post-6910","page","type-page","status-publish","hentry"],"acf":[],"_links":{"self":[{"href":"https:\/\/www.stainless-fruechtl.de\/it\/wp-json\/wp\/v2\/pages\/6910","targetHints":{"allow":["GET"]}}],"collection":[{"href":"https:\/\/www.stainless-fruechtl.de\/it\/wp-json\/wp\/v2\/pages"}],"about":[{"href":"https:\/\/www.stainless-fruechtl.de\/it\/wp-json\/wp\/v2\/types\/page"}],"author":[{"embeddable":true,"href":"https:\/\/www.stainless-fruechtl.de\/it\/wp-json\/wp\/v2\/users\/1"}],"replies":[{"embeddable":true,"href":"https:\/\/www.stainless-fruechtl.de\/it\/wp-json\/wp\/v2\/comments?post=6910"}],"version-history":[{"count":0,"href":"https:\/\/www.stainless-fruechtl.de\/it\/wp-json\/wp\/v2\/pages\/6910\/revisions"}],"wp:attachment":[{"href":"https:\/\/www.stainless-fruechtl.de\/it\/wp-json\/wp\/v2\/media?parent=6910"}],"curies":[{"name":"wp","href":"https:\/\/api.w.org\/{rel}","templated":true}]}}